{"id":1318,"date":"2017-03-27T20:56:42","date_gmt":"2017-03-27T20:56:42","guid":{"rendered":"http:\/\/www.lamantin.hu\/?page_id=1318"},"modified":"2025-03-17T15:16:26","modified_gmt":"2025-03-17T15:16:26","slug":"bemutatkozunk","status":"publish","type":"page","link":"http:\/\/www.lamantin.hu\/?page_id=1318","title":{"rendered":"Bemutatkozunk"},"content":{"rendered":"<p>Az Improvizat\u00edv Zenem\u0171hely bar\u00e1ti t\u00e1rsas\u00e1gunk egyes\u00fcleti form\u00e1ja, amit az\u00e9rt hoztunk l\u00e9tre, hogy kedvenc improvizat\u00edv zenei m\u0171fajainkat \u00e9l\u0151ben hallgathassuk, n\u00e9pszer\u0171s\u00edts\u00fck. 29 \u00e9vvel ezel\u0151tt a POTE egyetemi klubj\u00e1ban kezdt\u00fcnk koncerteket szervezni, azt\u00e1n a di\u00e1k\u00e9vek elm\u00falt\u00e1val visszak\u00f6lt\u00f6zt\u00fcnk Szombathelyre, megalap\u00edtottuk zenem\u0171hely\u00fcnket, \u00e9s 2000-ben l\u00e9trehoztuk az els\u0151 Lamantin Jazz Fesztiv\u00e1lt. M\u00e1r 21 \u00e9ve \u00e9let\u00fcnk r\u00e9sze ez a nagy kaland, a Lamantin, \u00e9s nagy \u00f6r\u00f6mmel l\u00e1tjuk, hogy m\u00e1r nem csak a mi\u00e9nk, hanem sokak\u00e9.<\/p>\n<p>C\u00e9lunk, hogy min\u00e9l t\u00f6bb emberrel megismertess\u00fck a jazz, soul, funk, blues, gospel \u00e9s t\u00e1rsm\u0171fajaik soksz\u00edn\u0171s\u00e9g\u00e9t. Szeretn\u00e9nk min\u00e9l t\u00f6bb j\u00f3 koncertet hallgatni itt, Szombathelyen, \u00e9s fontosnak tartjuk, hogy mindez megfizethet\u0151 is legyen! Ebben partnereink a v\u00e1ros \u00e9s megannyi t\u00e1mogat\u00f3, akiknek nem tudunk el\u00e9gszer k\u00f6sz\u00f6netet mondani.<\/p>\n<p>A kis Lamantinunk pedig egyre n\u0151tt, \u00e9s m\u00e1r csal\u00e1dban \u00e9l (nagy dolog ez a kihal\u00f3f\u00e9lben l\u00e9v\u0151 fajok eset\u00e9ben): a fesztiv\u00e1l Improviz\u00e1ci\u00f3s T\u00e1borral b\u0151v\u00fclt (M\u00e1rkus Tibor \u00f6tlete kapcs\u00e1n), \u00e9v k\u00f6zben pedig a Lamantin Klubba szervez\u00fcnk koncerteket azoknak, akiket m\u00e1r siker\u00fclt megfert\u0151zn\u00fcnk a m\u0171faj (\u00e9s az \u00e1llatfaj) ir\u00e1nti lelkesed\u00e9s\u00fcnkkel!<\/p>\n<div>Mindenkit nagy szeretettel v\u00e1runk programjainkra!<\/div>\n\n\n<p><\/p>\n\n\n\n<p>Dr. T\u00edm\u00e1r P\u00e9ter<\/p>\n\n\n\n<p>alap\u00edt\u00f3, a fesztiv\u00e1l m\u0171v\u00e9szeti vezet\u0151je, f\u0151szervez\u0151<\/p>\n\n\n<div class=\"wp-block-image\">\n<figure class=\"aligncenter size-large\"><img loading=\"lazy\" decoding=\"async\" width=\"1024\" height=\"1021\" src=\"https:\/\/www.lamantin.hu\/wp-content\/uploads\/2024\/06\/lamantinok-1024x1021.jpg\" alt=\"\" class=\"wp-image-3925\" srcset=\"http:\/\/www.lamantin.hu\/wp-content\/uploads\/2024\/06\/lamantinok-1024x1021.jpg 1024w, http:\/\/www.lamantin.hu\/wp-content\/uploads\/2024\/06\/lamantinok-400x400.jpg 400w, http:\/\/www.lamantin.hu\/wp-content\/uploads\/2024\/06\/lamantinok-150x150.jpg 150w, http:\/\/www.lamantin.hu\/wp-content\/uploads\/2024\/06\/lamantinok-768x766.jpg 768w, http:\/\/www.lamantin.hu\/wp-content\/uploads\/2024\/06\/lamantinok.jpg 1184w\" sizes=\"(max-width: 1024px) 100vw, 1024px\" \/><\/figure><\/div>","protected":false},"excerpt":{"rendered":"<p>Az Improvizat\u00edv Zenem\u0171hely bar\u00e1ti t\u00e1rsas\u00e1gunk egyes\u00fcleti form\u00e1ja, amit az\u00e9rt hoztunk l\u00e9tre, hogy kedvenc improvizat\u00edv zenei m\u0171fajainkat \u00e9l\u0151ben hallgathassuk, n\u00e9pszer\u0171s\u00edts\u00fck. 29 \u00e9vvel ezel\u0151tt a POTE egyetemi klubj\u00e1ban kezdt\u00fcnk koncerteket szervezni, azt\u00e1n&#8230;<\/p>\n","protected":false},"author":1,"featured_media":0,"parent":0,"menu_order":0,"comment_status":"closed","ping_status":"closed","template":"","meta":{"footnotes":""},"_links":{"self":[{"href":"http:\/\/www.lamantin.hu\/index.php?rest_route=\/wp\/v2\/pages\/1318"}],"collection":[{"href":"http:\/\/www.lamantin.hu\/index.php?rest_route=\/wp\/v2\/pages"}],"about":[{"href":"http:\/\/www.lamantin.hu\/index.php?rest_route=\/wp\/v2\/types\/page"}],"author":[{"embeddable":true,"href":"http:\/\/www.lamantin.hu\/index.php?rest_route=\/wp\/v2\/users\/1"}],"replies":[{"embeddable":true,"href":"http:\/\/www.lamantin.hu\/index.php?rest_route=%2Fwp%2Fv2%2Fcomments&post=1318"}],"version-history":[{"count":11,"href":"http:\/\/www.lamantin.hu\/index.php?rest_route=\/wp\/v2\/pages\/1318\/revisions"}],"predecessor-version":[{"id":4106,"href":"http:\/\/www.lamantin.hu\/index.php?rest_route=\/wp\/v2\/pages\/1318\/revisions\/4106"}],"wp:attachment":[{"href":"http:\/\/www.lamantin.hu\/index.php?rest_route=%2Fwp%2Fv2%2Fmedia&parent=1318"}],"curies":[{"name":"wp","href":"https:\/\/api.w.org\/{rel}","templated":true}]}}