{"id":1322,"date":"2017-03-27T20:57:54","date_gmt":"2017-03-27T20:57:54","guid":{"rendered":"http:\/\/www.lamantin.hu\/?page_id=1322"},"modified":"2025-06-08T08:37:46","modified_gmt":"2025-06-08T08:37:46","slug":"jegyinformacio","status":"publish","type":"page","link":"http:\/\/www.lamantin.hu\/?page_id=1322","title":{"rendered":"Jegyinform\u00e1ci\u00f3"},"content":{"rendered":"\n<p><strong>Jegy\u00e1rus\u00edt\u00e1s:<\/strong> a helysz\u00ednen, k\u00e9szp\u00e9nzben.<br><strong>Jegyel\u0151rendel\u00e9s:<\/strong> barka7171@gmail.com<\/p>\n\n\n\n<p><strong>Napijegy: <\/strong><br>J\u00fanius 29 \u2013 2000 Ft<br>J\u00fanius 30 \u2013 3000 Ft<br>J\u00falius 1 \u2013 3000 Ft<br>J\u00falius 2 \u2013 3000 Ft<br>J\u00falius 3 \u2013 3000 Ft<br>J\u00falius 4 \u2013 4000 Ft<br>J\u00falius 5 \u2013 500 Ft<br><strong>Fesztiv\u00e1ljegy<\/strong> &#8211; 9500 Ft<\/p>\n\n\n\n<p>14 \u00e9v alattiaknak ingyenes<\/p>\n","protected":false},"excerpt":{"rendered":"<p>Jegy\u00e1rus\u00edt\u00e1s: a helysz\u00ednen, k\u00e9szp\u00e9nzben.Jegyel\u0151rendel\u00e9s: barka7171@gmail.com Napijegy: J\u00fanius 29 \u2013 2000 FtJ\u00fanius 30 \u2013 3000 FtJ\u00falius 1 \u2013 3000 FtJ\u00falius 2 \u2013 3000 FtJ\u00falius 3 \u2013 3000 FtJ\u00falius 4 \u2013 4000&#8230;<\/p>\n","protected":false},"author":1,"featured_media":0,"parent":1320,"menu_order":0,"comment_status":"closed","ping_status":"closed","template":"","meta":{"footnotes":""},"_links":{"self":[{"href":"http:\/\/www.lamantin.hu\/index.php?rest_route=\/wp\/v2\/pages\/1322"}],"collection":[{"href":"http:\/\/www.lamantin.hu\/index.php?rest_route=\/wp\/v2\/pages"}],"about":[{"href":"http:\/\/www.lamantin.hu\/index.php?rest_route=\/wp\/v2\/types\/page"}],"author":[{"embeddable":true,"href":"http:\/\/www.lamantin.hu\/index.php?rest_route=\/wp\/v2\/users\/1"}],"replies":[{"embeddable":true,"href":"http:\/\/www.lamantin.hu\/index.php?rest_route=%2Fwp%2Fv2%2Fcomments&post=1322"}],"version-history":[{"count":22,"href":"http:\/\/www.lamantin.hu\/index.php?rest_route=\/wp\/v2\/pages\/1322\/revisions"}],"predecessor-version":[{"id":4212,"href":"http:\/\/www.lamantin.hu\/index.php?rest_route=\/wp\/v2\/pages\/1322\/revisions\/4212"}],"up":[{"embeddable":true,"href":"http:\/\/www.lamantin.hu\/index.php?rest_route=\/wp\/v2\/pages\/1320"}],"wp:attachment":[{"href":"http:\/\/www.lamantin.hu\/index.php?rest_route=%2Fwp%2Fv2%2Fmedia&parent=1322"}],"curies":[{"name":"wp","href":"https:\/\/api.w.org\/{rel}","templated":true}]}}