{"id":1346,"date":"2017-03-27T21:01:25","date_gmt":"2017-03-27T21:01:25","guid":{"rendered":"http:\/\/www.lamantin.hu\/?page_id=1346"},"modified":"2025-04-14T08:05:17","modified_gmt":"2025-04-14T08:05:17","slug":"dokumentumok","status":"publish","type":"page","link":"http:\/\/www.lamantin.hu\/?page_id=1346","title":{"rendered":"Dokumentumok"},"content":{"rendered":"<p><strong>Let\u00f6lthet\u0151 dokumentumok:<\/strong><\/p>\n<ul>\n<li><a href=\"http:\/\/www.lamantin.hu\/wp-content\/uploads\/2025\/04\/szuloi-beleegyezo-nyilatkozat-2025.pdf\">Sz\u00fcl\u0151i felel\u0151ss\u00e9gv\u00e1llal\u00e1si nyilatkozat<\/a><\/li>\n<li><a href=\"http:\/\/www.lamantin.hu\/wp-content\/uploads\/2024\/03\/Hazirend.pdf\">H\u00e1zirend<\/a><\/li>\n<li><a href=\"http:\/\/www.lamantin.hu\/wp-content\/uploads\/2025\/04\/informaciok-a-tovabbkepzesben-resztvevoknek-2025.pdf\">Inform\u00e1ci\u00f3k a pedag\u00f3gus tov\u00e1bbk\u00e9pz\u00e9sben r\u00e9sztvev\u0151knek<\/a><\/li>\n<\/ul>\n","protected":false},"excerpt":{"rendered":"<p>Let\u00f6lthet\u0151 dokumentumok: Sz\u00fcl\u0151i felel\u0151ss\u00e9gv\u00e1llal\u00e1si nyilatkozat H\u00e1zirend Inform\u00e1ci\u00f3k a pedag\u00f3gus tov\u00e1bbk\u00e9pz\u00e9sben r\u00e9sztvev\u0151knek<\/p>\n","protected":false},"author":1,"featured_media":0,"parent":1342,"menu_order":0,"comment_status":"closed","ping_status":"closed","template":"","meta":{"footnotes":""},"_links":{"self":[{"href":"http:\/\/www.lamantin.hu\/index.php?rest_route=\/wp\/v2\/pages\/1346"}],"collection":[{"href":"http:\/\/www.lamantin.hu\/index.php?rest_route=\/wp\/v2\/pages"}],"about":[{"href":"http:\/\/www.lamantin.hu\/index.php?rest_route=\/wp\/v2\/types\/page"}],"author":[{"embeddable":true,"href":"http:\/\/www.lamantin.hu\/index.php?rest_route=\/wp\/v2\/users\/1"}],"replies":[{"embeddable":true,"href":"http:\/\/www.lamantin.hu\/index.php?rest_route=%2Fwp%2Fv2%2Fcomments&post=1346"}],"version-history":[{"count":36,"href":"http:\/\/www.lamantin.hu\/index.php?rest_route=\/wp\/v2\/pages\/1346\/revisions"}],"predecessor-version":[{"id":4159,"href":"http:\/\/www.lamantin.hu\/index.php?rest_route=\/wp\/v2\/pages\/1346\/revisions\/4159"}],"up":[{"embeddable":true,"href":"http:\/\/www.lamantin.hu\/index.php?rest_route=\/wp\/v2\/pages\/1342"}],"wp:attachment":[{"href":"http:\/\/www.lamantin.hu\/index.php?rest_route=%2Fwp%2Fv2%2Fmedia&parent=1346"}],"curies":[{"name":"wp","href":"https:\/\/api.w.org\/{rel}","templated":true}]}}