{"id":1350,"date":"2017-03-27T21:02:12","date_gmt":"2017-03-27T21:02:12","guid":{"rendered":"http:\/\/www.lamantin.hu\/?page_id=1350"},"modified":"2025-06-06T17:04:15","modified_gmt":"2025-06-06T17:04:15","slug":"magyar-jazz-szovetseg","status":"publish","type":"page","link":"http:\/\/www.lamantin.hu\/?page_id=1350","title":{"rendered":"P\u00e1ly\u00e1zati ki\u00edr\u00e1s"},"content":{"rendered":"\n<h2 class=\"wp-block-heading\">P\u00e1ly\u00e1zati ki\u00edr\u00e1s<\/h2>\n\n\n\n<p>Az Improvizat\u00edv Zenem\u0171hely p\u00e1ly\u00e1zatot hirdet szoci\u00e1lisan r\u00e1szorul\u00f3 jelentkez\u0151k sz\u00e1m\u00e1ra a 21. Lamantin Improviz\u00e1ci\u00f3s T\u00e1borban val\u00f3 kedvezm\u00e9nyes r\u00e9szv\u00e9telre.<\/p>\n\n\n\n<p>B\u00e1rki p\u00e1ly\u00e1zhat az <a href=\"http:\/\/www.lamantin.hu\/wp-content\/uploads\/2025\/06\/Jelentkezes-tamogatasra.pdf\">itt<\/a> tal\u00e1lhat\u00f3 adatlap kit\u00f6lt\u00e9s\u00e9vel \u00e9s bek\u00fcld\u00e9s\u00e9vel.<\/p>\n\n\n\n<p>A p\u00e1ly\u00e1zatokat a tim.emese@gmail.com emailc\u00edmre v\u00e1rjuk. <strong>A bek\u00fcld\u00e9si hat\u00e1rid\u0151 2025. j\u00fanius 12. <\/strong><\/p>\n\n\n\n<p><strong>A maxim\u00e1lisan meg\u00edt\u00e9lt engedm\u00e9ny 15.000 Ft.<\/strong> A nyerteseket 2025. j\u00fanius 13-ig emailben \u00e9rtes\u00edtj\u00fck.<\/p>\n","protected":false},"excerpt":{"rendered":"<p>P\u00e1ly\u00e1zati ki\u00edr\u00e1s Az Improvizat\u00edv Zenem\u0171hely p\u00e1ly\u00e1zatot hirdet szoci\u00e1lisan r\u00e1szorul\u00f3 jelentkez\u0151k sz\u00e1m\u00e1ra a 21. Lamantin Improviz\u00e1ci\u00f3s T\u00e1borban val\u00f3 kedvezm\u00e9nyes r\u00e9szv\u00e9telre. B\u00e1rki p\u00e1ly\u00e1zhat az itt tal\u00e1lhat\u00f3 adatlap kit\u00f6lt\u00e9s\u00e9vel \u00e9s bek\u00fcld\u00e9s\u00e9vel. A p\u00e1ly\u00e1zatokat&#8230;<\/p>\n","protected":false},"author":1,"featured_media":0,"parent":1342,"menu_order":0,"comment_status":"closed","ping_status":"closed","template":"","meta":{"footnotes":""},"_links":{"self":[{"href":"http:\/\/www.lamantin.hu\/index.php?rest_route=\/wp\/v2\/pages\/1350"}],"collection":[{"href":"http:\/\/www.lamantin.hu\/index.php?rest_route=\/wp\/v2\/pages"}],"about":[{"href":"http:\/\/www.lamantin.hu\/index.php?rest_route=\/wp\/v2\/types\/page"}],"author":[{"embeddable":true,"href":"http:\/\/www.lamantin.hu\/index.php?rest_route=\/wp\/v2\/users\/1"}],"replies":[{"embeddable":true,"href":"http:\/\/www.lamantin.hu\/index.php?rest_route=%2Fwp%2Fv2%2Fcomments&post=1350"}],"version-history":[{"count":20,"href":"http:\/\/www.lamantin.hu\/index.php?rest_route=\/wp\/v2\/pages\/1350\/revisions"}],"predecessor-version":[{"id":4210,"href":"http:\/\/www.lamantin.hu\/index.php?rest_route=\/wp\/v2\/pages\/1350\/revisions\/4210"}],"up":[{"embeddable":true,"href":"http:\/\/www.lamantin.hu\/index.php?rest_route=\/wp\/v2\/pages\/1342"}],"wp:attachment":[{"href":"http:\/\/www.lamantin.hu\/index.php?rest_route=%2Fwp%2Fv2%2Fmedia&parent=1350"}],"curies":[{"name":"wp","href":"https:\/\/api.w.org\/{rel}","templated":true}]}}