{"id":1352,"date":"2017-03-27T21:02:29","date_gmt":"2017-03-27T21:02:29","guid":{"rendered":"http:\/\/www.lamantin.hu\/?page_id=1352"},"modified":"2025-06-22T15:29:47","modified_gmt":"2025-06-22T15:29:47","slug":"orarend","status":"publish","type":"page","link":"http:\/\/www.lamantin.hu\/?page_id=1352","title":{"rendered":"\u00d3rarend 2025"},"content":{"rendered":"\n<h1 class=\"wp-block-heading\">\u00d3RAREND 2025<\/h1>\n\n\n\n<p class=\"has-medium-font-size\"><strong>J\u00fanius 29. VAS\u00c1RNAP<\/strong><\/p>\n\n\n\n<figure class=\"wp-block-table is-style-stripes\"><table><thead><tr><td><strong>Id\u0151pont<\/strong><strong><\/strong><\/td><td><strong>Helysz\u00edn<\/strong><strong><\/strong><\/td><td><strong>Kurzus<\/strong><strong><\/strong><\/td><td><strong>Oktat\u00f3<\/strong><strong><\/strong><\/td><td><strong>Megjegyz\u00e9s<\/strong><strong><\/strong><\/td><\/tr><\/thead><tbody><tr><td>9:00-11:00<\/td><td>Zeneiskola, aula<\/td><td>Beiratkoz\u00e1s<\/td><td>T\u00edm\u00e1r Emese<\/td><td><\/td><\/tr><tr><td>11:00-12:00<\/td><td>Zeneiskola, Nagyterem<br>(2. em.)<\/td><td><strong>T\u00e1bor megnyit\u00f3<\/strong><\/td><td><\/td><td>Itt mondj\u00e1k el a tan\u00e1rok, ki hol tart \u00f3rabeoszt\u00e1st.<\/td><\/tr><tr><td>12:00-12:30<\/td><td>A Zeneiskola k\u00fcl\u00f6nb\u00f6z\u0151 pontjain<\/td><td>F\u0151t\u00e1rgy \u00f3rabeoszt\u00e1s<\/td><td>Tan\u00e1rok, tan\u00e1rseg\u00e9dek<\/td><td><\/td><\/tr><tr><td>12:00-14:00<\/td><td><\/td><td>EB\u00c9D<\/td><td><\/td><td><\/td><\/tr><tr><td>13:00-14:00<\/td><td>Zeneiskola, Nagyterem<br>(2. em.)<\/td><td>Zenekari beoszt\u00e1s<\/td><td>M\u00e1rkus Tibor<\/td><td><\/td><\/tr><tr><td>14:00-15:30<\/td><td>Zeneiskola,<br>Nagyterem<br>(2. em.)<\/td><td><strong>MESTERKURZUS:<\/strong><br><strong>Sz\u00ednpadi hangtechnika, st\u00fadi\u00f3technika<\/strong><\/td><td>V\u00e1lik L\u00e1szl\u00f3<\/td><td><\/td><\/tr><tr><td>17.30-18.30<\/td><td><\/td><td>VACSORA<\/td><td><\/td><td>legk\u00e9s\u0151bb 18.00-ig \u00e9rkezzetek meg!<\/td><\/tr><tr><td>20:00<\/td><td>Lamantin Klub (We\u00f6res S\u00e1ndor Sz\u00ednh\u00e1z)<\/td><td>KONCERT: A Lamantin Improviz\u00e1ci\u00f3s T\u00e1bor nyit\u00f3koncertje: bemutatkoznak a tan\u00e1rok<\/td><td><\/td><td><\/td><\/tr><tr><td>A koncert ut\u00e1n<\/td><td>Lamantin Klub (We\u00f6res S\u00e1ndor Sz\u00ednh\u00e1z)<\/td><td>Lamantin Jam<\/td><td><\/td><td><\/td><\/tr><\/tbody><\/table><\/figure>\n\n\n\n<h2 class=\"wp-block-heading has-medium-font-size\">J\u00fanius 30. H\u00c9TF\u0150<\/h2>\n\n\n\n<div class=\"wp-block-group is-style-stripes is-layout-constrained wp-block-group-is-layout-constrained\"><div class=\"wp-block-group__inner-container\">\n<figure class=\"wp-block-table is-style-stripes\"><table><thead><tr><td><strong>Id\u0151pont<\/strong><\/td><td><strong>Helysz\u00edn<\/strong><\/td><td><strong>Kurzus<\/strong><\/td><td><strong>Oktat\u00f3<\/strong><\/td><td><strong>Megjegyz\u00e9s<\/strong><\/td><\/tr><\/thead><tbody><tr><td>9:00-12:00<\/td><td>Zeneiskola<\/td><td>F\u0151t\u00e1rgy \u00f3r\u00e1k<\/td><td>Szaktan\u00e1rok<\/td><td>beoszt\u00e1s szerint<\/td><\/tr><tr><td>11:00-12:30<\/td><td>Zeneiskola, Nagyterem<br>(2. em.)<\/td><td>Ami a sk\u00e1l\u00e1k, ritmusok, harm\u00f3ni\u00e1k m\u00f6g\u00f6tt van<\/td><td>T\u00f3th Viktor<\/td><td><\/td><\/tr><tr><td>12:00-14:00<\/td><td><\/td><td>EB\u00c9D<\/td><td><\/td><td><\/td><\/tr><tr><td>13:30-15:00<\/td><td>Zeneiskola,<br>Nagyterem<br>(2. em.)<\/td><td>Big Band<\/td><td>Friedrich K\u00e1roly<\/td><td><\/td><\/tr><tr><td>14:00-15:00<\/td><td>Zeneiskola, f\u00f6ldszint<\/td><td>Vok\u00e1l<\/td><td>Lakatos \u00c1gnes<\/td><td><\/td><\/tr><tr><td>15:30-16:15<\/td><td>Szolf\u00e9zs 1.<\/td><td>\u00c9rdekess\u00e9gek a jazz t\u00f6rt\u00e9net\u00e9ben<\/td><td>M\u00e1rkus Tibor, Friedrich K\u00e1roly<\/td><td><\/td><\/tr><tr><td>16:15-17:00<\/td><td>Szolf\u00e9zs 1.<\/td><td>A Sibelius haszn\u00e1lata<\/td><td>Sp\u00e1nyi Emil<\/td><td><\/td><\/tr><tr><td>17:00-18:00<\/td><td>Szolf\u00e9zs 1.<\/td><td>Jazzelm\u00e9let<\/td><td>Sp\u00e1nyi Emil<\/td><td><\/td><\/tr><tr><td>15:00-16:00<\/td><td>Zeneiskola<\/td><td>Zenekari gyakorlat<\/td><td>Zenekari gyakorlat vezet\u0151 tan\u00e1rok<\/td><td>beoszt\u00e1s szerint<\/td><\/tr><tr><td>16:00-17:00<\/td><td>Zeneiskola<\/td><td>Zenekari gyakorlat<\/td><td>Zenekari gyakorlat vezet\u0151 tan\u00e1rok<\/td><td>beoszt\u00e1s szerint<\/td><\/tr><tr><td>17:00-18:00<\/td><td>Zeneiskola<\/td><td>Zenekari gyakorlat<\/td><td>Zenekari gyakorlat vezet\u0151 tan\u00e1rok<\/td><td>beoszt\u00e1s szerint<\/td><\/tr><tr><td>17.30-18.30<\/td><td>&nbsp;<\/td><td>VACSORA<\/td><td>&nbsp;<\/td><td>legk\u00e9s\u0151bb 18.00-ig \u00e9rkezzetek meg!<\/td><\/tr><tr><td>19:00<\/td><td>Lamantin Klub<br>(We\u00f6res S\u00e1ndor Sz\u00ednh\u00e1z)<\/td><td>KONCERTEK:<br>El\u0151zenekar N\u00e9gyessy Barnab\u00e1s Quartet<br>Piotr Wojtasik Quintet (PL)<\/td><td>&nbsp;<\/td><td>&nbsp;<\/td><\/tr><tr><td>A koncert ut\u00e1n<\/td><td>Lamantin Klub<br>(We\u00f6res S\u00e1ndor Sz\u00ednh\u00e1z)<\/td><td>Lamantin Jam<\/td><td>&nbsp;<\/td><td>&nbsp;<\/td><\/tr><\/tbody><\/table><\/figure>\n<\/div><\/div>\n\n\n\n<h2 class=\"wp-block-heading has-medium-font-size\">J\u00falius 1. KEDD<\/h2>\n\n\n\n<figure class=\"wp-block-table is-style-stripes\"><table><thead><tr><td><strong>Id\u0151pont<\/strong><strong><\/strong><\/td><td><strong>Helysz\u00edn<\/strong><strong><\/strong><\/td><td><strong>Kurzus<\/strong><strong><\/strong><\/td><td><strong>Oktat\u00f3<\/strong><strong><\/strong><\/td><td><strong>Megjegyz\u00e9s<\/strong><strong><\/strong><\/td><\/tr><\/thead><tbody><tr><td>9:00-12:00<\/td><td>Zeneiskola<\/td><td>F\u0151t\u00e1rgy \u00f3r\u00e1k<\/td><td>Szaktan\u00e1rok<\/td><td>beoszt\u00e1s szerint<\/td><\/tr><tr><td>11:00-12:30<\/td><td>Zeneiskola,<br>Nagyterem<br>(2. em.)<\/td><td>Ami a sk\u00e1l\u00e1k, ritmusok, harm\u00f3ni\u00e1k m\u00f6g\u00f6tt van<\/td><td>T\u00f3th Viktor<\/td><td><\/td><\/tr><tr><td>10:00-11:00<\/td><td>Zeneiskola, Nagyterem (2.em.)<\/td><td><strong>MESTERKURZUS:<\/strong><strong><\/strong> <strong>Piotr Wojtasik<\/strong><\/td><td>Piotr Wojtasik<\/td><td>&nbsp;<\/td><\/tr><tr><td>12:00-14:00<\/td><td><\/td><td>EB\u00c9D<\/td><td><\/td><td><\/td><\/tr><tr><td>13:30-15:00<\/td><td>Zeneiskola,<br>Nagyterem<br>(2. em.)<\/td><td>Big band<\/td><td>Friedrich K\u00e1roly<\/td><td><\/td><\/tr><tr><td>14:00-15:00<\/td><td>Zeneiskola, f\u00f6ldszint<\/td><td>Vok\u00e1l<\/td><td>Lakatos \u00c1gnes<\/td><td><\/td><\/tr><tr><td>15:30-16:15<\/td><td>Szolf\u00e9zs 1.<\/td><td>\u00c9rdekess\u00e9gek a jazz t\u00f6rt\u00e9net\u00e9ben<\/td><td>M\u00e1rkus Tibor, Friedrich K\u00e1roly<\/td><td>&nbsp;<\/td><\/tr><tr><td>16:15-17:00<\/td><td>Szolf\u00e9zs 1.<\/td><td>A Sibelius haszn\u00e1lata<\/td><td>Sp\u00e1nyi Emil<\/td><td>&nbsp;<\/td><\/tr><tr><td>17:00-18:00<\/td><td>Szolf\u00e9zs 1.<\/td><td>Jazzelm\u00e9let<\/td><td>Sp\u00e1nyi Emil<\/td><td>&nbsp;<\/td><\/tr><tr><td>15:00-16:00<\/td><td>Zeneiskola<\/td><td>Zenekari gyakorlat<\/td><td>Zenekari gyakorlat vezet\u0151 tan\u00e1rok<\/td><td>beoszt\u00e1s szerint<\/td><\/tr><tr><td>16:00-17:00<\/td><td>Zeneiskola<\/td><td>Zenekari gyakorlat<\/td><td>Zenekari gyakorlat vezet\u0151 tan\u00e1rok<\/td><td>beoszt\u00e1s szerint<\/td><\/tr><tr><td>17:00-18:00<\/td><td>Zeneiskola<\/td><td>Zenekari gyakorlat<\/td><td>Zenekari gyakorlat vezet\u0151 tan\u00e1rok<\/td><td>beoszt\u00e1s szerint<\/td><\/tr><tr><td>&nbsp;<\/td><td>&nbsp;<\/td><td>&nbsp;<\/td><td>&nbsp;<\/td><td>&nbsp;<\/td><\/tr><tr><td>18:00-18:30<\/td><td>Zeneiskola bej\u00e1rata<\/td><td><strong>CSOPORTK\u00c9P!<\/strong><\/td><td>Czika L\u00e1szl\u00f3<\/td><td>&nbsp;<\/td><\/tr><tr><td>17.30-18.30<\/td><td>&nbsp;<\/td><td>VACSORA<\/td><td>&nbsp;<\/td><td>A csoportk\u00e9p miatt tov\u00e1bb nyitva tart a menza.<\/td><\/tr><tr><td>19:30<\/td><td>Lamantin Klub<br>(We\u00f6res S\u00e1ndor Sz\u00ednh\u00e1z)<\/td><td>KONCERTEK:<br>El\u0151zenekar<br>T\u00e1las \u00c1ron Trio<\/td><td>&nbsp;<\/td><td>&nbsp;<\/td><\/tr><tr><td>A koncert ut\u00e1n<\/td><td>Lamantin Klub<br>(We\u00f6res S\u00e1ndor Sz\u00ednh\u00e1z)<\/td><td>Lamantin Jam<\/td><td>&nbsp;<\/td><td>&nbsp;<\/td><\/tr><\/tbody><\/table><\/figure>\n\n\n\n<h2 class=\"wp-block-heading has-medium-font-size\">J\u00falius 2. SZERDA<\/h2>\n\n\n\n<figure class=\"wp-block-table is-style-stripes\"><table><thead><tr><td><strong>Id\u0151pont<\/strong><\/td><td><strong>Helysz\u00edn<\/strong><\/td><td><strong>Kurzus<\/strong><\/td><td><strong>Oktat\u00f3<\/strong><\/td><td><strong>Megjegyz\u00e9s<\/strong><\/td><\/tr><\/thead><tbody><tr><td>9:00-12:00<\/td><td>Zeneiskola<\/td><td>F\u0151t\u00e1rgy \u00f3r\u00e1k<\/td><td>Szaktan\u00e1rok<\/td><td>beoszt\u00e1s szerint<\/td><\/tr><tr><td>11:00-12:30<\/td><td>Zeneiskola,<br>Nagyterem<br>(2. em.)<\/td><td>Ami a sk\u00e1l\u00e1k, ritmusok, harm\u00f3ni\u00e1k m\u00f6g\u00f6tt van<\/td><td>T\u00f3th Viktor<\/td><td><\/td><\/tr><tr><td>12:00-14:00<\/td><td><\/td><td>EB\u00c9D<\/td><td><\/td><td><\/td><\/tr><tr><td>14:00-15:00<\/td><td>Zeneiskola,<br>Nagyterem<br>(2. em.)<\/td><td>Big Band<\/td><td>Friedrich K\u00e1roly<\/td><td><\/td><\/tr><tr><td>14:00-15:00<\/td><td>Zeneiskola, f\u00f6ldszint<\/td><td>Vok\u00e1l<\/td><td>Lakatos \u00c1gnes<\/td><td><\/td><\/tr><tr><td>15:00-16:00<\/td><td>Zeneiskola, Nagyterem (2. em.)<\/td><td><strong>MESTERKURZUS:<\/strong> <strong>Borlai Gerg\u0151<\/strong><\/td><td>Borlai Gerg\u0151<\/td><td><\/td><\/tr><tr><td>15:30-16:15<\/td><td>Szolf\u00e9zs 1.<\/td><td>Mesterkurzus miatt elmarad!<\/td><td><\/td><td><\/td><\/tr><tr><td>16:15-17:00<\/td><td>Szolf\u00e9zs 1.<\/td><td>A Sibelius haszn\u00e1lata<\/td><td>Sp\u00e1nyi Emil<\/td><td><\/td><\/tr><tr><td>17:00-18:00<\/td><td>Szolf\u00e9zs 1.<\/td><td>Jazzelm\u00e9let<\/td><td>Sp\u00e1nyi Emil<\/td><td>&nbsp;<\/td><\/tr><tr><td>15:00-16:00<\/td><td>Zeneiskola<\/td><td>Zenekari gyakorlat<\/td><td>Zenekari gyakorlat vezet\u0151 tan\u00e1rok<\/td><td>beoszt\u00e1s szerint<\/td><\/tr><tr><td>16:00-17:00<\/td><td>Zeneiskola<\/td><td>Zenekari gyakorlat<\/td><td>Zenekari gyakorlat vezet\u0151 tan\u00e1rok<\/td><td>beoszt\u00e1s szerint<\/td><\/tr><tr><td>17:00-18:00<\/td><td>Zeneiskola<\/td><td>Zenekari gyakorlat<\/td><td>Zenekari gyakorlat vezet\u0151 tan\u00e1rok<\/td><td>beoszt\u00e1s szerint<\/td><\/tr><tr><td>17.30-18.30<\/td><td>&nbsp;<\/td><td>VACSORA<\/td><td>&nbsp;<\/td><td>legk\u00e9s\u0151bb 18.00-ig \u00e9rkezzetek meg!<\/td><\/tr><tr><td>19:30<\/td><td>Lamantin Klub<br>(We\u00f6res S\u00e1ndor Sz\u00ednh\u00e1z)<\/td><td>KONCERTEK:<br>El\u0151zenekar<br>Mike Gotthard feat. Borlai, Gudics, Tempfli<\/td><td>&nbsp;<\/td><td>&nbsp;<\/td><\/tr><tr><td>A koncert ut\u00e1n<\/td><td>Lamantin Klub<br>(We\u00f6res S\u00e1ndor Sz\u00ednh\u00e1z)<\/td><td>Lamantin Jam<\/td><td>&nbsp;<\/td><td>&nbsp;<\/td><\/tr><\/tbody><\/table><\/figure>\n\n\n\n<h2 class=\"wp-block-heading has-medium-font-size\">J\u00falius 3. CS\u00dcT\u00d6RT\u00d6K<\/h2>\n\n\n\n<figure class=\"wp-block-table is-style-stripes\"><table><thead><tr><td><strong>Id\u0151pont<\/strong><\/td><td><strong>Helysz\u00edn<\/strong><\/td><td><strong>Kurzus<\/strong><\/td><td><strong>Oktat\u00f3<\/strong><\/td><td><strong>Megjegyz\u00e9s<\/strong><\/td><\/tr><\/thead><tbody><tr><td>9:00-12:00<\/td><td>Zeneiskola<\/td><td>F\u0151t\u00e1rgy \u00f3r\u00e1k<\/td><td>Szaktan\u00e1rok<\/td><td>beoszt\u00e1s szerint<\/td><\/tr><tr><td>11:00-12:30<\/td><td>Zeneiskola,<br>Nagyterem<br>(2. em.)<\/td><td>Ami a sk\u00e1l\u00e1k, ritmusok, harm\u00f3ni\u00e1k m\u00f6g\u00f6tt van<\/td><td>T\u00f3th Viktor<\/td><td><\/td><\/tr><tr><td>12:00-14:00<\/td><td><\/td><td>EB\u00c9D<\/td><td><\/td><td><\/td><\/tr><tr><td>14:00-15:00<\/td><td>Zeneiskola,<br>Nagyterem<br>(2. em.)<\/td><td>Big Band<\/td><td>Friedrich K\u00e1roly<\/td><td><\/td><\/tr><tr><td>14:00-15:00<\/td><td>Zeneiskola, f\u00f6ldszint<\/td><td>Vok\u00e1l<\/td><td>Lakatos \u00c1gnes<\/td><td><\/td><\/tr><tr><td>15:30-16:15<\/td><td>Szolf\u00e9zs 1.<\/td><td>\u00c9rdekess\u00e9gek a jazz t\u00f6rt\u00e9net\u00e9ben<\/td><td>M\u00e1rkus Tibor, Friedrich K\u00e1roly<\/td><td><\/td><\/tr><tr><td>16:15-17:00<\/td><td>Szolf\u00e9zs 1.<\/td><td>A Sibelius haszn\u00e1lata<\/td><td>Sp\u00e1nyi Emil<\/td><td><\/td><\/tr><tr><td>17:00-18:00<\/td><td>Szolf\u00e9zs 1.<\/td><td>Jazzelm\u00e9let<\/td><td>Sp\u00e1nyi Emil<\/td><td><\/td><\/tr><tr><td>15:00-16:00<\/td><td>Zeneiskola<\/td><td>Zenekari gyakorlat<\/td><td>Zenekari gyakorlat vezet\u0151 tan\u00e1rok<\/td><td>beoszt\u00e1s szerint<\/td><\/tr><tr><td>16:00-17:00<\/td><td>Zeneiskola<\/td><td>Zenekari gyakorlat<\/td><td>Zenekari gyakorlat vezet\u0151 tan\u00e1rok<\/td><td>beoszt\u00e1s szerint<\/td><\/tr><tr><td>17:00-18:00<\/td><td>Zeneiskola<\/td><td>Zenekari gyakorlat<\/td><td>Zenekari gyakorlat vezet\u0151 tan\u00e1rok<\/td><td>beoszt\u00e1s szerint<\/td><\/tr><tr><td>17.30-18.30<\/td><td>&nbsp;<\/td><td>VACSORA<\/td><td>&nbsp;<\/td><td>legk\u00e9s\u0151bb 18.00-ig \u00e9rkezzetek meg!<\/td><\/tr><tr><td>19:30<\/td><td>Lamantin Klub<br>(We\u00f6res S\u00e1ndor Sz\u00ednh\u00e1z)<\/td><td>KONCERTEK:<br>El\u0151zenekar<br>Juh\u00e1sz G\u00e1bor Trio k.m.: Holl\u00f3 Aur\u00e9l<\/td><td>&nbsp;<\/td><td>&nbsp;<\/td><\/tr><tr><td>A koncert ut\u00e1n<\/td><td>Lamantin Klub<br>(We\u00f6res S\u00e1ndor Sz\u00ednh\u00e1z)<\/td><td>Lamantin Jam<\/td><td>&nbsp;<\/td><td>&nbsp;<\/td><\/tr><\/tbody><\/table><\/figure>\n\n\n\n<h2 class=\"wp-block-heading has-medium-font-size\">J\u00falius 4. P\u00c9NTEK<\/h2>\n\n\n\n<figure class=\"wp-block-table is-style-stripes\"><table><thead><tr><td><strong>Id\u0151pont<\/strong><\/td><td><strong>Helysz\u00edn<\/strong><\/td><td><strong>Kurzus<\/strong><\/td><td><strong>Oktat\u00f3<\/strong><\/td><td><strong>Megjegyz\u00e9s<\/strong><\/td><\/tr><\/thead><tbody><tr><td>9:00-12:00<\/td><td>Zeneiskola<\/td><td>F\u0151t\u00e1rgy \u00f3r\u00e1k<\/td><td>Szaktan\u00e1rok<\/td><td>beoszt\u00e1s szerint<\/td><\/tr><tr><td>11:00-13:00<\/td><td>Zeneiskola,<br>Nagyterem (2. em.)<\/td><td>Ami a sk\u00e1l\u00e1k, ritmusok, harm\u00f3ni\u00e1k m\u00f6g\u00f6tt van<\/td><td>T\u00f3th Viktor<\/td><td><\/td><\/tr><tr><td>12:00-14:00<\/td><td><\/td><td>EB\u00c9D<\/td><td><\/td><td><\/td><\/tr><tr><td>13:30-14:00<\/td><td>Zeneiskola,<br>Nagyterem (2. em.)<\/td><td><strong>Big Band bemutat\u00f3<\/strong><\/td><td>Friedrich K\u00e1roly<\/td><td><\/td><\/tr><tr><td>14:00-15:00<\/td><td>Zeneiskola, f\u00f6ldszint<\/td><td>Vok\u00e1l<\/td><td>Lakatos \u00c1gnes<\/td><td><\/td><\/tr><tr><td>15:30-16:15<\/td><td>Szolf\u00e9zs 1.<\/td><td>\u00c9rdekess\u00e9gek a jazz t\u00f6rt\u00e9net\u00e9ben<\/td><td>M\u00e1rkus Tibor, Friedrich K\u00e1roly<\/td><td><\/td><\/tr><tr><td>16:15-17:00<\/td><td>Szolf\u00e9zs 1.<\/td><td>A Sibelius haszn\u00e1lata<\/td><td>Sp\u00e1nyi Emil<\/td><td><\/td><\/tr><tr><td>17:00-18:00<\/td><td>Szolf\u00e9zs 1.<\/td><td>Jazzelm\u00e9let<\/td><td>Sp\u00e1nyi Emil<\/td><td><\/td><\/tr><tr><td>15:00-16:00<\/td><td>Zeneiskola<\/td><td>Zenekari gyakorlat<\/td><td>Zenekari gyakorlat vezet\u0151 tan\u00e1rok<\/td><td>beoszt\u00e1s szerint<\/td><\/tr><tr><td>16:00-17:00<\/td><td>Zeneiskola<\/td><td>Zenekari gyakorlat<\/td><td>Zenekari gyakorlat vezet\u0151 tan\u00e1rok<\/td><td>beoszt\u00e1s szerint<\/td><\/tr><tr><td>17:00-18:00<\/td><td>Zeneiskola<\/td><td>Zenekari gyakorlat<\/td><td>Zenekari gyakorlat vezet\u0151 tan\u00e1rok<\/td><td>beoszt\u00e1s szerint<\/td><\/tr><tr><td>17.30-18.30<\/td><td><\/td><td>VACSORA<\/td><td><\/td><td>legk\u00e9s\u0151bb 18.00-ig \u00e9rkezzetek meg!<\/td><\/tr><tr><td>19:00<\/td><td>Lamantin Klub<br>(We\u00f6res S\u00e1ndor Sz\u00ednh\u00e1z)<\/td><td><strong>BLUES NAP<\/strong><strong><\/strong> KONCERTEK:<br>El\u0151zenekar<br>Little G Weevil &amp; His Band Fekete Jen\u0151 \u00e9s a Banda<\/td><td><\/td><td><\/td><\/tr><tr><td>A koncert ut\u00e1n<\/td><td>Lamantin Klub<br>(We\u00f6res S\u00e1ndor Sz\u00ednh\u00e1z)<\/td><td>Lamantin Jam<\/td><td><\/td><td><\/td><\/tr><\/tbody><\/table><\/figure>\n\n\n\n<h2 class=\"wp-block-heading has-medium-font-size\">J\u00falius 5. SZOMBAT<\/h2>\n\n\n\n<figure class=\"wp-block-table is-style-stripes\"><table><thead><tr><td><strong>Id\u0151pont<\/strong><\/td><td><strong>Helysz\u00edn<\/strong><\/td><td><strong>Kurzus<\/strong><\/td><td><strong>Oktat\u00f3<\/strong><\/td><td><strong>Megjegyz\u00e9s<\/strong><\/td><\/tr><\/thead><tbody><tr><td>13:00-16:00<\/td><td>Lamantin Klub<br>(We\u00f6res S\u00e1ndor Sz\u00ednh\u00e1z)<\/td><td>A Lamantin Improviz\u00e1ci\u00f3s T\u00e1bor<br>z\u00e1r\u00f3koncertje:<br>bemutatkoznak a di\u00e1kok<\/td><td><\/td><td>Oklev\u00e9loszt\u00e1s<\/td><\/tr><\/tbody><\/table><\/figure>\n","protected":false},"excerpt":{"rendered":"<p>\u00d3RAREND 2025 J\u00fanius 29. VAS\u00c1RNAP Id\u0151pont Helysz\u00edn Kurzus Oktat\u00f3 Megjegyz\u00e9s 9:00-11:00 Zeneiskola, aula Beiratkoz\u00e1s T\u00edm\u00e1r Emese 11:00-12:00 Zeneiskola, Nagyterem(2. em.) T\u00e1bor megnyit\u00f3 Itt mondj\u00e1k el a tan\u00e1rok, ki hol tart&#8230;<\/p>\n","protected":false},"author":1,"featured_media":0,"parent":1342,"menu_order":0,"comment_status":"closed","ping_status":"closed","template":"","meta":{"footnotes":""},"_links":{"self":[{"href":"http:\/\/www.lamantin.hu\/index.php?rest_route=\/wp\/v2\/pages\/1352"}],"collection":[{"href":"http:\/\/www.lamantin.hu\/index.php?rest_route=\/wp\/v2\/pages"}],"about":[{"href":"http:\/\/www.lamantin.hu\/index.php?rest_route=\/wp\/v2\/types\/page"}],"author":[{"embeddable":true,"href":"http:\/\/www.lamantin.hu\/index.php?rest_route=\/wp\/v2\/users\/1"}],"replies":[{"embeddable":true,"href":"http:\/\/www.lamantin.hu\/index.php?rest_route=%2Fwp%2Fv2%2Fcomments&post=1352"}],"version-history":[{"count":32,"href":"http:\/\/www.lamantin.hu\/index.php?rest_route=\/wp\/v2\/pages\/1352\/revisions"}],"predecessor-version":[{"id":4245,"href":"http:\/\/www.lamantin.hu\/index.php?rest_route=\/wp\/v2\/pages\/1352\/revisions\/4245"}],"up":[{"embeddable":true,"href":"http:\/\/www.lamantin.hu\/index.php?rest_route=\/wp\/v2\/pages\/1342"}],"wp:attachment":[{"href":"http:\/\/www.lamantin.hu\/index.php?rest_route=%2Fwp%2Fv2%2Fmedia&parent=1352"}],"curies":[{"name":"wp","href":"https:\/\/api.w.org\/{rel}","templated":true}]}}