{"id":3654,"date":"2023-10-24T18:55:30","date_gmt":"2023-10-24T18:55:30","guid":{"rendered":"http:\/\/www.lamantin.hu\/?page_id=3654"},"modified":"2024-06-01T10:18:09","modified_gmt":"2024-06-01T10:18:09","slug":"online-megjeleneseink-2023","status":"publish","type":"page","link":"http:\/\/www.lamantin.hu\/?page_id=3654","title":{"rendered":"Online megjelen\u00e9seink 2023"},"content":{"rendered":"\n<p>VAOL t\u00e1bor: <a href=\"https:\/\/www.vaol.hu\/helyi-kultura\/2023\/07\/lamantin-szombaton-a-novendekek-lepnek-fel\">https:\/\/www.vaol.hu\/helyi-kultura\/2023\/07\/lamantin-szombaton-a-novendekek-lepnek-fel<\/a><\/p>\n\n\n\n<p>VAOL t\u00e1bor: <a href=\"https:\/\/www.vaol.hu\/helyi-kozelet\/2023\/07\/orom-a-zene-a-lamantin-improvizacios-taborban-bekukkantottunk-a-zenei-muhelyekbe-fotok\">https:\/\/www.vaol.hu\/helyi-kozelet\/2023\/07\/orom-a-zene-a-lamantin-improvizacios-taborban-bekukkantottunk-a-zenei-muhelyekbe-fotok<\/a><\/p>\n\n\n\n<p>VAOL beharangoz\u00f3 interj\u00fa T\u00edm\u00e1r P\u00e9terrel: <a href=\"https:\/\/www.vaol.hu\/helyi-kozelet\/2023\/06\/podcastbeszelgetes-timar-peter-fo-szervezovel-lamantin-vasarnap-kezdodik-a-jazz-hete-szombathelyen\">https:\/\/www.vaol.hu\/helyi-kozelet\/2023\/06\/podcastbeszelgetes-timar-peter-fo-szervezovel-lamantin-vasarnap-kezdodik-a-jazz-hete-szombathelyen<\/a><\/p>\n\n\n\n<p>VAOL beharangoz\u00f3 interj\u00fa T\u00edm\u00e1r P\u00e9terrel 2: <a href=\"https:\/\/www.vaol.hu\/helyi-kultura\/2023\/06\/lamantin-a-jazz-hete-szombathelyen-a-nemzetkozi-fesztival-fo-szervezojet-timar-petert-kerdeztuk\">https:\/\/www.vaol.hu\/helyi-kultura\/2023\/06\/lamantin-a-jazz-hete-szombathelyen-a-nemzetkozi-fesztival-fo-szervezojet-timar-petert-kerdeztuk<\/a><\/p>\n\n\n\n<p>Savaria F\u00f3rum: <a href=\"https:\/\/www.savariaforum.hu\/rovat\/a-jazz-hete-szombathelyen-megkezdodott-a-lamantin-fesztival\">https:\/\/www.savariaforum.hu\/rovat\/a-jazz-hete-szombathelyen-megkezdodott-a-lamantin-fesztival<\/a><\/p>\n\n\n\n<p>JazzMa h\u00e9tf\u0151: <a href=\"https:\/\/www.jazzma.hu\/hirek\/2023\/07\/04\/lamantin-hetfo\">https:\/\/www.jazzma.hu\/hirek\/2023\/07\/04\/lamantin-hetfo<\/a><\/p>\n\n\n\n<p>JazzMa kedd: <a href=\"https:\/\/www.jazzma.hu\/hirek\/2023\/07\/05\/lamantin-kedd\">https:\/\/www.jazzma.hu\/hirek\/2023\/07\/05\/lamantin-kedd<\/a><\/p>\n\n\n\n<p>JazzMa szerda: <a href=\"https:\/\/www.jazzma.hu\/hirek\/2023\/07\/06\/lamantin-szerda\">https:\/\/www.jazzma.hu\/hirek\/2023\/07\/06\/lamantin-szerda<\/a><\/p>\n\n\n\n<p>JazzMa cs\u00fct\u00f6rt\u00f6k: <a href=\"https:\/\/www.jazzma.hu\/hirek\/2023\/07\/07\/lamantin-csutortok\">https:\/\/www.jazzma.hu\/hirek\/2023\/07\/07\/lamantin-csutortok<\/a><\/p>\n\n\n\n<p>JazzMa p\u00e9ntek: <a href=\"https:\/\/www.jazzma.hu\/hirek\/2023\/07\/08\/lamantin-pentek\">https:\/\/www.jazzma.hu\/hirek\/2023\/07\/08\/lamantin-pentek<\/a><\/p>\n\n\n\n<p>JazzMa szombat: <a href=\"https:\/\/www.jazzma.hu\/hirek\/2023\/07\/09\/lamantin-szombat\">https:\/\/www.jazzma.hu\/hirek\/2023\/07\/09\/lamantin-szombat<\/a><\/p>\n\n\n\n<p>Frisss.hu beharangoz\u00f3: <a href=\"https:\/\/www.frisss.hu\/aktualis\/lamantin-szombathelyen-timar-peter-foszervezo-a-jazz-hetetol\">https:\/\/www.frisss.hu\/aktualis\/lamantin-szombathelyen-timar-peter-foszervezo-a-jazz-hetetol<\/a><\/p>\n\n\n\n<p>Csod\u00e1latos Magyarorsz\u00e1g programaj\u00e1nl\u00f3: <a href=\"https:\/\/csodalatosmagyarorszag.hu\/programok\/fesztival-koncert\/lamantin-jazz-fesztival-2023-szombathely\/\">https:\/\/csodalatosmagyarorszag.hu\/programok\/fesztival-koncert\/lamantin-jazz-fesztival-2023-szombathely\/<\/a><\/p>\n\n\n\n<p>\u00c9rezd Szombathelyt: <a href=\"https:\/\/turizmus.com\/desztinaciok\/regi-kedvencek-es-uj-felfedezettek-az-erezd-szombathelyt-kinalataban-1186778\">https:\/\/turizmus.com\/desztinaciok\/regi-kedvencek-es-uj-felfedezettek-az-erezd-szombathelyt-kinalataban-1186778<\/a><\/p>\n\n\n\n<p>Vaskarika beharangoz\u00f3: <a href=\"http:\/\/vaskarika.hu\/hirek\/reszletek\/23733\/ma_startol_a_23_lamantin_jazz_fesztival-itt_a_reszletes_programj\/\" data-type=\"link\" data-id=\"http:\/\/vaskarika.hu\/hirek\/reszletek\/23733\/ma_startol_a_23_lamantin_jazz_fesztival-itt_a_reszletes_programj\/\">http:\/\/vaskarika.hu\/hirek\/reszletek\/23733\/ma_startol_a_23_lamantin_jazz_fesztival-itt_a_reszletes_programj\/<\/a><\/p>\n\n\n\n<p>Vaskarika vas\u00e1rnap: <a href=\"http:\/\/vaskarika.hu\/hirek\/reszletek\/23799\/a_tanarok_koncertjevel_elkezdodott_a_23_lamantin_jazz_fesztival\/\">http:\/\/vaskarika.hu\/hirek\/reszletek\/23799\/a_tanarok_koncertjevel_elkezdodott_a_23_lamantin_jazz_fesztival\/<\/a><\/p>\n\n\n\n<p>Vaskarika h\u00e9tf\u0151: <a href=\"http:\/\/vaskarika.hu\/hirek\/reszletek\/23802\/forro_hangulat_a_lamantin_jazz_fesztival_blues_napjan_videokkal\/\" data-type=\"link\" data-id=\"http:\/\/vaskarika.hu\/hirek\/reszletek\/23802\/forro_hangulat_a_lamantin_jazz_fesztival_blues_napjan_videokkal\/\">http:\/\/vaskarika.hu\/hirek\/reszletek\/23802\/forro_hangulat_a_lamantin_jazz_fesztival_blues_napjan_videokkal\/<\/a><\/p>\n\n\n\n<p>Vaskarika kedd: <a href=\"http:\/\/vaskarika.hu\/hirek\/reszletek\/23806\/nincs_mese_megjott_a_cirkusz-a_laszlo_attila_fusion_circus_konce\/\" data-type=\"link\" data-id=\"http:\/\/vaskarika.hu\/hirek\/reszletek\/23806\/nincs_mese_megjott_a_cirkusz-a_laszlo_attila_fusion_circus_konce\/\">http:\/\/vaskarika.hu\/hirek\/reszletek\/23806\/nincs_mese_megjott_a_cirkusz-a_laszlo_attila_fusion_circus_konce\/<\/a><\/p>\n\n\n\n<p>Vaskarika szerda: <a href=\"http:\/\/vaskarika.hu\/hirek\/reszletek\/23809\/vad_bebopot_sodortak_a_lamantin_klubban-art_blakey_emlekkoncertt\/\" data-type=\"link\" data-id=\"http:\/\/vaskarika.hu\/hirek\/reszletek\/23809\/vad_bebopot_sodortak_a_lamantin_klubban-art_blakey_emlekkoncertt\/\">http:\/\/vaskarika.hu\/hirek\/reszletek\/23809\/vad_bebopot_sodortak_a_lamantin_klubban-art_blakey_emlekkoncertt\/<\/a><\/p>\n\n\n\n<p>Vaskarika cs\u00fct\u00f6rt\u00f6k: <a href=\"http:\/\/vaskarika.hu\/hirek\/reszletek\/23818\/a_hazai_szaxofonosok_ikonjat_tony_lakatost_hallhattuk_csutortoko\/\">http:\/\/vaskarika.hu\/hirek\/reszletek\/23818\/a_hazai_szaxofonosok_ikonjat_tony_lakatost_hallhattuk_csutortoko\/<\/a><\/p>\n\n\n\n<p>Vaskarika p\u00e9ntek: <a href=\"http:\/\/vaskarika.hu\/hirek\/reszletek\/23832\/az_utolso_nagyagyu_a_trio_cimbiozis_fellepese_a_lamantin_jazz_fe\/\">http:\/\/vaskarika.hu\/hirek\/reszletek\/23832\/az_utolso_nagyagyu_a_trio_cimbiozis_fellepese_a_lamantin_jazz_fe\/<\/a><\/p>\n","protected":false},"excerpt":{"rendered":"<p>VAOL t\u00e1bor: https:\/\/www.vaol.hu\/helyi-kultura\/2023\/07\/lamantin-szombaton-a-novendekek-lepnek-fel VAOL t\u00e1bor: https:\/\/www.vaol.hu\/helyi-kozelet\/2023\/07\/orom-a-zene-a-lamantin-improvizacios-taborban-bekukkantottunk-a-zenei-muhelyekbe-fotok VAOL beharangoz\u00f3 interj\u00fa T\u00edm\u00e1r P\u00e9terrel: https:\/\/www.vaol.hu\/helyi-kozelet\/2023\/06\/podcastbeszelgetes-timar-peter-fo-szervezovel-lamantin-vasarnap-kezdodik-a-jazz-hete-szombathelyen VAOL beharangoz\u00f3 interj\u00fa T\u00edm\u00e1r P\u00e9terrel 2: https:\/\/www.vaol.hu\/helyi-kultura\/2023\/06\/lamantin-a-jazz-hete-szombathelyen-a-nemzetkozi-fesztival-fo-szervezojet-timar-petert-kerdeztuk Savaria F\u00f3rum: https:\/\/www.savariaforum.hu\/rovat\/a-jazz-hete-szombathelyen-megkezdodott-a-lamantin-fesztival JazzMa h\u00e9tf\u0151: https:\/\/www.jazzma.hu\/hirek\/2023\/07\/04\/lamantin-hetfo JazzMa kedd: https:\/\/www.jazzma.hu\/hirek\/2023\/07\/05\/lamantin-kedd JazzMa szerda:&#8230;<\/p>\n","protected":false},"author":2,"featured_media":0,"parent":0,"menu_order":0,"comment_status":"closed","ping_status":"closed","template":"","meta":{"footnotes":""},"_links":{"self":[{"href":"http:\/\/www.lamantin.hu\/index.php?rest_route=\/wp\/v2\/pages\/3654"}],"collection":[{"href":"http:\/\/www.lamantin.hu\/index.php?rest_route=\/wp\/v2\/pages"}],"about":[{"href":"http:\/\/www.lamantin.hu\/index.php?rest_route=\/wp\/v2\/types\/page"}],"author":[{"embeddable":true,"href":"http:\/\/www.lamantin.hu\/index.php?rest_route=\/wp\/v2\/users\/2"}],"replies":[{"embeddable":true,"href":"http:\/\/www.lamantin.hu\/index.php?rest_route=%2Fwp%2Fv2%2Fcomments&post=3654"}],"version-history":[{"count":2,"href":"http:\/\/www.lamantin.hu\/index.php?rest_route=\/wp\/v2\/pages\/3654\/revisions"}],"predecessor-version":[{"id":3851,"href":"http:\/\/www.lamantin.hu\/index.php?rest_route=\/wp\/v2\/pages\/3654\/revisions\/3851"}],"wp:attachment":[{"href":"http:\/\/www.lamantin.hu\/index.php?rest_route=%2Fwp%2Fv2%2Fmedia&parent=3654"}],"curies":[{"name":"wp","href":"https:\/\/api.w.org\/{rel}","templated":true}]}}