{"id":496,"date":"2023-04-09T12:44:00","date_gmt":"2023-04-09T12:44:00","guid":{"rendered":"http:\/\/www3.lamantin.hu\/?page_id=496"},"modified":"2024-01-04T10:42:58","modified_gmt":"2024-01-04T10:42:58","slug":"detailed-program","status":"publish","type":"page","link":"http:\/\/www.lamantin.hu\/?page_id=496","title":{"rendered":"Detailed program"},"content":{"rendered":"\n<p class=\"has-text-align-center\"><strong>The Improvisative Musical Workshop presents<\/strong><\/p>\n\n\n\n<h2 class=\"wp-block-heading has-text-align-center has-luminous-vivid-orange-color has-text-color has-link-color has-large-font-size wp-elements-b070c2876d2c9dbf38dbd1fd9e36eeaf\"><strong>23. Lamantin Jazz Festival<\/strong><\/h2>\n\n\n\n<p class=\"has-text-align-center has-medium-font-size\"><strong>July 2-8. 2023<\/strong>.<\/p>\n\n\n\n<p class=\"has-text-align-center has-medium-font-size\"><strong>Szombathely<\/strong><\/p>\n\n\n\n<h2 class=\"wp-block-heading has-text-align-center has-medium-font-size\"><strong>July 2. 8PM Lamantin Club (We\u00f6res S\u00e1ndor Theatre)<\/strong><\/h2>\n\n\n<div class=\"wp-block-image\">\n<figure class=\"aligncenter size-full\"><img loading=\"lazy\" decoding=\"async\" width=\"714\" height=\"555\" src=\"http:\/\/www.lamantin.hu\/wp-content\/uploads\/2024\/01\/Z18_3653-180624-alon-czikafoto-ff.jpg\" alt=\"\" class=\"wp-image-3710\" srcset=\"http:\/\/www.lamantin.hu\/wp-content\/uploads\/2024\/01\/Z18_3653-180624-alon-czikafoto-ff.jpg 714w, http:\/\/www.lamantin.hu\/wp-content\/uploads\/2024\/01\/Z18_3653-180624-alon-czikafoto-ff-400x311.jpg 400w\" sizes=\"(max-width: 714px) 100vw, 714px\" \/><\/figure><\/div>\n\n\n<p class=\"has-text-align-center\"><strong>Opening Concert of the Lamantin Musical Workshop<\/strong>:<\/p>\n\n\n\n<p class=\"has-text-align-center\"><strong>Introducing the educators<\/strong><\/p>\n\n\n\n<p><\/p>\n\n\n\n<div class=\"wp-block-group is-vertical is-content-justification-center is-layout-flex wp-container-core-group-layout-1 wp-block-group-is-layout-flex\">\n<p class=\"has-text-align-center\" style=\"font-size:18px\">Lakatos \u00c1gnes \u2013 vocals<\/p>\n\n\n\n<p class=\"has-text-align-center\" style=\"font-size:18px\">Hajdu Kl\u00e1ra \u2013 vocals<\/p>\n\n\n\n<p class=\"has-text-align-center\" style=\"font-size:18px\">Elek Istv\u00e1n \u2013 saxophone<\/p>\n\n\n\n<p class=\"has-text-align-center\" style=\"font-size:18px\">T\u00f3th Viktor \u2013 saxophone<\/p>\n\n\n\n<p class=\"has-text-align-center\" style=\"font-size:18px\">Friedrich K\u00e1roly \u2013 trombone<\/p>\n\n\n\n<p class=\"has-text-align-center\" style=\"font-size:18px\">Gy\u00e1rf\u00e1s Istv\u00e1n \u2013 guitar<\/p>\n\n\n\n<p class=\"has-text-align-center\" style=\"font-size:18px\">Juh\u00e1sz G\u00e1bor \u2013 guitar<\/p>\n\n\n\n<p class=\"has-text-align-center\" style=\"font-size:18px\">M\u00e1rkus Tibor \u2013 piano<\/p>\n\n\n\n<p class=\"has-text-align-center\" style=\"font-size:18px\">Sp\u00e1nyi Emil \u2013 piano<\/p>\n\n\n\n<p class=\"has-text-align-center\" style=\"font-size:18px\">Csuhaj-Barna Tibor \u2013 standing Bass<\/p>\n\n\n\n<p class=\"has-text-align-center\" style=\"font-size:18px\">Nesztor Iv\u00e1n \u2013 drums, percussion<\/p>\n\n\n\n<p class=\"has-text-align-center\" style=\"font-size:18px\">Jeszenszky Gy\u00f6rgy \u2013 drums, percussion<\/p>\n\n\n\n<p class=\"has-text-align-center\" style=\"font-size:18px\">Guest Performers:<\/p>\n\n\n\n<p class=\"has-text-align-center\" style=\"font-size:18px\">Szigeti-Cseke Zsuzsa \u2013 gardon, vocals<\/p>\n\n\n\n<p class=\"has-text-align-center\" style=\"font-size:18px\">Hegyessy G\u00e9za \u2013 gardon, recorder<\/p>\n<\/div>\n\n\n\n<p><\/p>\n\n\n\n<p class=\"has-text-align-center\"><strong>Lamantin Jam<\/strong><\/p>\n\n\n\n<p><\/p>\n\n\n\n<h2 class=\"wp-block-heading has-text-align-center\" style=\"font-size:25px;text-transform:capitalize\">July 3. 7:30PM Lamantin Club (We\u00f6res S\u00e1ndor Theatre)<\/h2>\n\n\n\n<figure class=\"wp-block-image size-full\"><img loading=\"lazy\" decoding=\"async\" width=\"1024\" height=\"504\" src=\"http:\/\/www.lamantin.hu\/wp-content\/uploads\/2024\/01\/RaphaelWressnigbyTomaszDorawa-2-1024x504-1.jpg\" alt=\"\" class=\"wp-image-3712\" srcset=\"http:\/\/www.lamantin.hu\/wp-content\/uploads\/2024\/01\/RaphaelWressnigbyTomaszDorawa-2-1024x504-1.jpg 1024w, http:\/\/www.lamantin.hu\/wp-content\/uploads\/2024\/01\/RaphaelWressnigbyTomaszDorawa-2-1024x504-1-400x197.jpg 400w, http:\/\/www.lamantin.hu\/wp-content\/uploads\/2024\/01\/RaphaelWressnigbyTomaszDorawa-2-1024x504-1-768x378.jpg 768w\" sizes=\"(max-width: 1024px) 100vw, 1024px\" \/><\/figure>\n\n\n\n<p><\/p>\n\n\n\n<h2 class=\"wp-block-heading has-text-align-center has-vivid-red-color has-text-color has-link-color wp-elements-53d4ac84b1ca69bc9d9f5320f132a93b\" style=\"font-size:26px;text-transform:uppercase\"><strong>Blues Day<\/strong><\/h2>\n\n\n\n<p class=\"has-text-align-center\"><strong>Opening Act<\/strong><\/p>\n\n\n\n<p class=\"has-text-align-center\"><strong>Raphael Wressnig &amp; the Soul Gift Band (A-I)<\/strong><\/p>\n\n\n\n<div class=\"wp-block-group is-vertical is-content-justification-center is-layout-flex wp-container-core-group-layout-2 wp-block-group-is-layout-flex\">\n<p>Raphael Wressnig (A) \u2013 Hammond B-3 organ, vocals<\/p>\n\n\n\n<p>Enrica Crivellaro (I) \u2013 guitar<\/p>\n\n\n\n<p>Eric Cisbani (I) \u2013 drums<\/p>\n<\/div>\n\n\n\n<p>Raphael Wressnig is not your regular Hammond organist. He feels at home with soul, funk, jazz and blues, which lands him on the famed \u201cOrganist of the Year\u201d list by DownBeat magazine regularly. He has released over 20 albums, of which perhaps \u201cSoulGumbo\u201d is the most special. The record was produced in New Orleans and features such icons as Grammy award-winner Jon Cleary, George Porter Jr. (The Meters), Stanton Moore (drums), or the R&amp;B legend Walter \u201cWolfman\u201d Washington. He has invited two Italian musicians to form his band Soul Gift. They mix traditional, old-school soul with blues and funk elements complimented by a genuinely modern, bombastic soundscape. And of course, the show is spectacular\u2026<\/p>\n\n\n\n<p class=\"has-text-align-center\"><strong>Lamantin Jam<\/strong><\/p>\n\n\n\n<h2 class=\"wp-block-heading has-text-align-center\">July 4. 7:30PM Lamantin Club (We\u00f6res S\u00e1ndor Theatre)<\/h2>\n\n\n<div class=\"wp-block-image\">\n<figure class=\"aligncenter size-full\"><img loading=\"lazy\" decoding=\"async\" width=\"1024\" height=\"436\" src=\"http:\/\/www.lamantin.hu\/wp-content\/uploads\/2024\/01\/Laszlo-A.-Fusion-Circus-csoportkep-1024x436-1.jpg\" alt=\"\" class=\"wp-image-3713\" srcset=\"http:\/\/www.lamantin.hu\/wp-content\/uploads\/2024\/01\/Laszlo-A.-Fusion-Circus-csoportkep-1024x436-1.jpg 1024w, http:\/\/www.lamantin.hu\/wp-content\/uploads\/2024\/01\/Laszlo-A.-Fusion-Circus-csoportkep-1024x436-1-400x170.jpg 400w, http:\/\/www.lamantin.hu\/wp-content\/uploads\/2024\/01\/Laszlo-A.-Fusion-Circus-csoportkep-1024x436-1-768x327.jpg 768w\" sizes=\"(max-width: 1024px) 100vw, 1024px\" \/><\/figure><\/div>\n\n\n<p class=\"has-text-align-center\"><strong>Opening Act:<\/strong><\/p>\n\n\n\n<p class=\"has-text-align-center\"><strong>L\u00e1szl\u00f3 Attila Fusion Circus<\/strong><\/p>\n\n\n\n<div class=\"wp-block-group is-vertical is-content-justification-center is-layout-flex wp-container-core-group-layout-5 wp-block-group-is-layout-flex\">\n<div class=\"wp-block-group is-vertical is-layout-flex wp-container-core-group-layout-4 wp-block-group-is-layout-flex\">\n<div class=\"wp-block-group is-vertical is-content-justification-center is-layout-flex wp-container-core-group-layout-3 wp-block-group-is-layout-flex\">\n<p>L\u00e1szl\u00f3 Attila \u2013 guitar<\/p>\n\n\n\n<p>Pecze Bal\u00e1zs \u2013 trumpet<\/p>\n\n\n\n<p>Soso Lakatos S\u00e1ndor \u2013 saxophone<\/p>\n\n\n\n<p>Csap\u00f3 Kriszti\u00e1n \u2013 trombone<\/p>\n\n\n\n<p>Nagy J\u00e1nos \u2013 piano<\/p>\n\n\n\n<p>Lattman B\u00e9la \u2013 Bass Guitar<\/p>\n\n\n\n<p>Zombori Attila \u2013 drums<\/p>\n<\/div>\n<\/div>\n<\/div>\n\n\n\n<p class=\"has-text-align-center\">L\u00e1szl\u00f3 Attila Fusion Circus is the latest formation by Liszt award winning guitarist, composer, and teacher L\u00e1szl\u00f3 Attila. The formation features a rhythm section as well as a three-man wind section to open new opportunities for performing L\u00e1szl\u00f3 Attila\u2019s unique compositions. As each member of the formation is a brilliant soloist, their concerts offer an exciting \u201cmixed fusion\u201d of sound and rhythm. L\u00e1szl\u00f3 Attila has performed with such jazz greats as Anthony Jackson, Bob Mintzer, Randy Brecker, James Moody, Tommy Campbell, Billy Cobham, and Peter Erskine. He has headed several of his own formations since 1975. In the 1980s he founded the band Things with Tony Lakatos \u2013 a formation that pioneered fusion jazz in Hungary. He has continuously worked with Charlie as composer, orchestrator, and guitarist for over 28 years. He is responsible for the musical concept behind Charlie Jazz from the mid-2000s. When Cserh\u00e1ti Zsuzsa made her return into professional music with a number of albums, he played a crucial role in creating each. His own jazz records are of the highest standard and sought after worldwide. He has been teaching at Franz Liszt Academy of Music since 1987, where he is currently an associate professor and head of the Academy\u2019s big band.<\/p>\n\n\n\n<p class=\"has-text-align-center\"><strong>Lamantin Jam<\/strong><\/p>\n\n\n\n<h2 class=\"wp-block-heading has-text-align-center\">July 5. 7:30PM Lamantin Club (We\u00f6res S\u00e1ndor Theatre)<\/h2>\n\n\n<div class=\"wp-block-image\">\n<figure class=\"aligncenter size-full\"><img loading=\"lazy\" decoding=\"async\" width=\"1019\" height=\"1024\" src=\"http:\/\/www.lamantin.hu\/wp-content\/uploads\/2024\/01\/MAO-1019x1024-1.jpg\" alt=\"\" class=\"wp-image-3714\" srcset=\"http:\/\/www.lamantin.hu\/wp-content\/uploads\/2024\/01\/MAO-1019x1024-1.jpg 1019w, http:\/\/www.lamantin.hu\/wp-content\/uploads\/2024\/01\/MAO-1019x1024-1-398x400.jpg 398w, http:\/\/www.lamantin.hu\/wp-content\/uploads\/2024\/01\/MAO-1019x1024-1-150x150.jpg 150w, http:\/\/www.lamantin.hu\/wp-content\/uploads\/2024\/01\/MAO-1019x1024-1-768x772.jpg 768w\" sizes=\"(max-width: 1019px) 100vw, 1019px\" \/><\/figure><\/div>\n\n\n<p><\/p>\n\n\n\n<p class=\"has-text-align-center\"><strong>Opening Act<\/strong><\/p>\n\n\n\n<p class=\"has-text-align-center\"><strong>Art Blakey Tribute Band (a Modern Art Orchestra production)<\/strong><\/p>\n\n\n\n<div class=\"wp-block-group is-vertical is-content-justification-center is-layout-flex wp-container-core-group-layout-6 wp-block-group-is-layout-flex\">\n<p>Fekete-Kov\u00e1cs Korn\u00e9l \u2013 trumpet, cornopean<\/p>\n\n\n\n<p>Bacs\u00f3 Krist\u00f3f \u2013 saxophone<\/p>\n\n\n\n<p>Korb Attila \u2013 trombone<\/p>\n\n\n\n<p>Cseke G\u00e1bor \u2013 piano<\/p>\n\n\n\n<p>Barcza Horv\u00e1th J\u00f3zsef \u2013 standing bass<\/p>\n\n\n\n<p>Cs\u00edzi L\u00e1szl\u00f3 \u2013 drums<\/p>\n<\/div>\n\n\n\n<p class=\"has-text-align-center\">In their series \u201cLegendary Albums\u201d Modern Art Orchestra has examined the works of The Jazz Messengers (headed by Art Blakey) on several occasions. The iconic band has enriched the entire genre of jazz with their emblematic sound, being a springboard for many outstanding soloists and band leaders from the hard-bop and subsequent eras. Nurturing young talent was one of the most important of Blakey\u2019s efforts. These include Benny Golson, lee Morgan, Wayne Shorter, Keith Jarrett, Freddie Hubbard, Wynton and Branford Marsalis, just to name a few. Furthermore, the classic formation of the jazz sextet was important to Blakey. He always included excellent composers, who could bring the traditional Jazz Messengers sound forward, with their own flavour. The pieces have been orchestrated by Modern Art Orchestra and will be performed by their outstanding soloists.<\/p>\n\n\n\n<p class=\"has-text-align-center\"><strong>Lamantin Jam<\/strong><\/p>\n\n\n\n<h2 class=\"wp-block-heading has-text-align-center\">July 6. 7:30PM Lamantin Club (We\u00f6res S\u00e1ndor Theatre)<\/h2>\n\n\n<div class=\"wp-block-image\">\n<figure class=\"aligncenter size-full\"><img loading=\"lazy\" decoding=\"async\" width=\"1024\" height=\"605\" src=\"http:\/\/www.lamantin.hu\/wp-content\/uploads\/2024\/01\/Toni-Lakatos-Organization-2-1024x605-1.jpg\" alt=\"\" class=\"wp-image-3715\" srcset=\"http:\/\/www.lamantin.hu\/wp-content\/uploads\/2024\/01\/Toni-Lakatos-Organization-2-1024x605-1.jpg 1024w, http:\/\/www.lamantin.hu\/wp-content\/uploads\/2024\/01\/Toni-Lakatos-Organization-2-1024x605-1-400x236.jpg 400w, http:\/\/www.lamantin.hu\/wp-content\/uploads\/2024\/01\/Toni-Lakatos-Organization-2-1024x605-1-768x454.jpg 768w\" sizes=\"(max-width: 1024px) 100vw, 1024px\" \/><\/figure><\/div>\n\n\n<p><\/p>\n\n\n\n<p class=\"has-text-align-center\"><strong>Opening Act<\/strong><\/p>\n\n\n\n<p class=\"has-text-align-center\"><strong>The Tony Lakatos organisation (H \u2013 D \u2013 F)<\/strong><\/p>\n\n\n\n<div class=\"wp-block-group is-vertical is-content-justification-center is-layout-flex wp-container-core-group-layout-7 wp-block-group-is-layout-flex\">\n<p>Tony Lakatos (H \u2013 D) \u2013 tenor saxophone<\/p>\n\n\n\n<p>Jean-Yves Jung (F) \u2013 Hammond B-3 organ<\/p>\n\n\n\n<p>Jean-Marc Robin (F) \u2013 drums<\/p>\n<\/div>\n\n\n\n<p class=\"has-text-align-center\">While Tony Lakatos lives in Germany, he is of Hungarian descent, which may explain his eagerness to repeatedly return here to perform. He is undoubtedly one of the greatest jazz artists in Europe. Since graduating from B\u00e9la Bart\u00f3k Conservatory he has had an illustrious career, having cooperated on over 400 albums, and playing with such legends as Al Foster, Joanne Brackeen, Jasper van\u2019t Hof, terri Lynne Carrington, Anthony Jackson, or Kirk Lightsey. His own albums have received the most prestigious awards. He has been all over Europe and performs around the world. He also teaches master\u2019s courses at the most prominent universities. He has invited two musicians of similar status for his trio. Jean-Yves Jung is a Hammond player, without whom there is no ORGANisation, and who works with such prominent artists as Billy Cobham (on the album \u201cHigher Ground\u201d), Philip Catherine, Salzburg Philharmonic Orchestra &amp; Dee Dee Bridgewater, or even the Paris Jazz Big Band, to name a few. On drums we can find another musician much coveted across all of Europe: Jean-Marc Robin. He has played with Bir\u00e9li Langr\u00e8ne, Nils Landgren, Lalo Schirfin, Bob Mintzer and the Lorraine Regional Big Band. They are together performing Tony Lakatos\u2019s own compositions right here, on stage at Lamantin.<\/p>\n\n\n\n<p class=\"has-text-align-center\"><strong>Lamantin Jam<\/strong><\/p>\n\n\n\n<h2 class=\"wp-block-heading has-text-align-center\">July 7. 7:30PM Lamantin Club (We\u00f6res S\u00e1ndor Theatre)<\/h2>\n\n\n<div class=\"wp-block-image\">\n<figure class=\"aligncenter size-full\"><img loading=\"lazy\" decoding=\"async\" width=\"1024\" height=\"683\" src=\"http:\/\/www.lamantin.hu\/wp-content\/uploads\/2024\/01\/cimbiozis-1024x683-1.jpg\" alt=\"\" class=\"wp-image-3716\" srcset=\"http:\/\/www.lamantin.hu\/wp-content\/uploads\/2024\/01\/cimbiozis-1024x683-1.jpg 1024w, http:\/\/www.lamantin.hu\/wp-content\/uploads\/2024\/01\/cimbiozis-1024x683-1-400x267.jpg 400w, http:\/\/www.lamantin.hu\/wp-content\/uploads\/2024\/01\/cimbiozis-1024x683-1-768x512.jpg 768w\" sizes=\"(max-width: 1024px) 100vw, 1024px\" \/><\/figure><\/div>\n\n\n<p><\/p>\n\n\n\n<p class=\"has-text-align-center\"><strong>Opening Act<\/strong><\/p>\n\n\n\n<p class=\"has-text-align-center\"><strong>Luk\u00e1cs Mikl\u00f3s \u2013 Tri\u00f3 Cimbi\u00f3zis<\/strong><\/p>\n\n\n\n<div class=\"wp-block-group is-vertical is-content-justification-center is-layout-flex wp-container-core-group-layout-8 wp-block-group-is-layout-flex\">\n<p>Luk\u00e1cs Mikl\u00f3s \u2013 cymbalom<\/p>\n\n\n\n<p>Orb\u00e1n Gy\u00f6rgy \u2013 standing bass<\/p>\n\n\n\n<p>Bal\u00f3 Istv\u00e1n \u2013 drums<\/p>\n<\/div>\n\n\n\n<p class=\"has-text-align-center\">Luk\u00e1cs Mikl\u00f3s (awards: Erkel Ferenc, Hungarian Heritage, Pr\u00edma), composer and cymbalom player is without a doubt one of the most exceptional figures in the Hungarian and international music scene. His classical training has allowed him to deeply immerse himself in both jazz and contemporary styles of music. His style is that of a virtuoso, which \u2013 combined with his constant experimentation \u2013 has led to the discovery of previously unknown sounds and ways of playing his instrument. The prime example of this is his trio founded in 2013, Cimbi\u00f3zis. As he describes: \u201cI composed for this trio in order for us to sound as the highest-level chamber music, where each artist shares the same weight. That\u2019s why I chose the name Cimbi\u00f3zis: the symbiosis between the four of us is key\u201d. He is accompanied by Orb\u00e1n Gy\u00f6rgy on standing bass and Bal\u00f3 Istv\u00e1n on drums. The trio is constantly featured at the most prestigious festivals and concert halls in the world. They have released four albums together. Musicologist Farkas Gergely has characterized their latest release in the following way: \u201cWhile listening to these three dazzling musicians, one has the constant sense that they thread on the frontiers of human thought and emotion. They thread were only few are fortunate enough to get to and from where there is no going further\u201d. In 2020 this album was voted among the annual top 10 by New York City Jazz Records magazine.<\/p>\n\n\n\n<p class=\"has-text-align-center\"><strong>Lamantin Jam<\/strong><\/p>\n\n\n\n<h2 class=\"wp-block-heading has-text-align-center\">July 8. 2PM Lamantin Club (We\u00f6res S\u00e1ndor Theatre)<\/h2>\n\n\n<div class=\"wp-block-image\">\n<figure class=\"aligncenter size-full\"><img loading=\"lazy\" decoding=\"async\" width=\"1000\" height=\"670\" src=\"http:\/\/www.lamantin.hu\/wp-content\/uploads\/2024\/01\/Z19_8313-190629czikafoto.jpg\" alt=\"\" class=\"wp-image-3717\" srcset=\"http:\/\/www.lamantin.hu\/wp-content\/uploads\/2024\/01\/Z19_8313-190629czikafoto.jpg 1000w, http:\/\/www.lamantin.hu\/wp-content\/uploads\/2024\/01\/Z19_8313-190629czikafoto-400x268.jpg 400w, http:\/\/www.lamantin.hu\/wp-content\/uploads\/2024\/01\/Z19_8313-190629czikafoto-768x515.jpg 768w\" sizes=\"(max-width: 1000px) 100vw, 1000px\" \/><\/figure><\/div>\n\n\n<p class=\"has-text-align-center\"><strong>Closing Act of the Lamantin Improvisational Camp: Introducing the Students<\/strong><\/p>\n","protected":false},"excerpt":{"rendered":"<p>The Improvisative Musical Workshop presents 23. Lamantin Jazz Festival July 2-8. 2023. Szombathely July 2. 8PM Lamantin Club (We\u00f6res S\u00e1ndor Theatre) Opening Concert of the Lamantin Musical Workshop: Introducing the&#8230;<\/p>\n","protected":false},"author":1,"featured_media":0,"parent":0,"menu_order":0,"comment_status":"closed","ping_status":"closed","template":"","meta":{"footnotes":""},"_links":{"self":[{"href":"http:\/\/www.lamantin.hu\/index.php?rest_route=\/wp\/v2\/pages\/496"}],"collection":[{"href":"http:\/\/www.lamantin.hu\/index.php?rest_route=\/wp\/v2\/pages"}],"about":[{"href":"http:\/\/www.lamantin.hu\/index.php?rest_route=\/wp\/v2\/types\/page"}],"author":[{"embeddable":true,"href":"http:\/\/www.lamantin.hu\/index.php?rest_route=\/wp\/v2\/users\/1"}],"replies":[{"embeddable":true,"href":"http:\/\/www.lamantin.hu\/index.php?rest_route=%2Fwp%2Fv2%2Fcomments&post=496"}],"version-history":[{"count":23,"href":"http:\/\/www.lamantin.hu\/index.php?rest_route=\/wp\/v2\/pages\/496\/revisions"}],"predecessor-version":[{"id":3723,"href":"http:\/\/www.lamantin.hu\/index.php?rest_route=\/wp\/v2\/pages\/496\/revisions\/3723"}],"wp:attachment":[{"href":"http:\/\/www.lamantin.hu\/index.php?rest_route=%2Fwp%2Fv2%2Fmedia&parent=496"}],"curies":[{"name":"wp","href":"https:\/\/api.w.org\/{rel}","templated":true}]}}