{"id":4407,"date":"2025-10-30T12:55:03","date_gmt":"2025-10-30T12:55:03","guid":{"rendered":"https:\/\/www.lamantin.hu\/?page_id=4407"},"modified":"2025-10-30T12:55:04","modified_gmt":"2025-10-30T12:55:04","slug":"4407-2","status":"publish","type":"page","link":"https:\/\/www.lamantin.hu\/?page_id=4407","title":{"rendered":""},"content":{"rendered":"\n<p><strong>Vaskarika<\/strong><\/p>\n\n\n\n<p><a href=\"https:\/\/vaskarika.hu\/hirek\/reszletek\/25942\/a_jazz_hete_szombathelyen-itt_25_lamantin_jazz_fesztival_reszlet\/\" data-type=\"link\" data-id=\"https:\/\/vaskarika.hu\/hirek\/reszletek\/25942\/a_jazz_hete_szombathelyen-itt_25_lamantin_jazz_fesztival_reszlet\/\">Beharangoz\u00f3<\/a><\/p>\n\n\n\n<p><a href=\"https:\/\/vaskarika.hu\/hirek\/reszletek\/26003\/tanarsegedek_es_professzorok_koncertjevel_kezdodott_az_idei_lama\/\" data-type=\"link\" data-id=\"https:\/\/vaskarika.hu\/hirek\/reszletek\/26003\/tanarsegedek_es_professzorok_koncertjevel_kezdodott_az_idei_lama\/\">vas\u00e1rnap<\/a> &#8211; bemutatkoznak a tan\u00e1rok<\/p>\n\n\n\n<p><a href=\"https:\/\/vaskarika.hu\/hirek\/reszletek\/26007\/lengyel_jazz_magyar_beugrassal_a_lamantin_jazz_fesztival_masodik\/\">h\u00e9tf\u0151<\/a> &#8211; N\u00e9gyessy Barnab\u00e1s Quartet, Piotr Wojtasik Quintet<\/p>\n\n\n\n<p><a href=\"https:\/\/vaskarika.hu\/hirek\/reszletek\/26012\/tarolt_a_lenduletes_szving_a_talos_aron_trio_koncertjen_a_lamant\/\">kedd<\/a> &#8211; T\u00e1las \u00c1ron Trio<\/p>\n\n\n\n<p><a href=\"https:\/\/vaskarika.hu\/hirek\/reszletek\/26016\/jazz-rock_orulet_a_lamantin_jazz_fesztival_negyedik_napjan\/\">szerda <\/a>&#8211; Mike Gotthard feat. Borlai Gerg\u0151, Gudics Martin, Tempfli Erik<\/p>\n\n\n\n<p><a href=\"https:\/\/vaskarika.hu\/hirek\/reszletek\/26018\/bernstein_orok-juhasz_gabor_egyuttese_lepett_fel_a_lamantin_jazz\/\">cs\u00fct\u00f6rt\u00f6k<\/a> &#8211; Juh\u00e1sz G\u00e1bor Trio feat. Holl\u00f3 Aur\u00e9l<\/p>\n\n\n\n<p><a href=\"https:\/\/vaskarika.hu\/hirek\/reszletek\/26021\/a_hatodik_este_a_bluesrajongoke_volt_a_lamantin_jazz_fesztivalon\/\">p\u00e9ntek<\/a> &#8211; blues nap<\/p>\n\n\n\n<p><strong>JazzMa<\/strong><\/p>\n\n\n\n<p><a href=\"https:\/\/www.jazzma.hu\/hirek\/2025\/05\/16\/exkluziv-interju-dr-timar-peterrel-lamantin-jazz-tabor-es-fesztival-szombathely\">beharangoz\u00f3<\/a><\/p>\n\n\n\n<p><a href=\"https:\/\/www.jazzma.hu\/hirek\/2025\/06\/16\/25-lamintin-improvizacios-tabor-es-jazz-fesztival\/\" data-type=\"link\" data-id=\"https:\/\/www.jazzma.hu\/hirek\/2025\/06\/16\/25-lamintin-improvizacios-tabor-es-jazz-fesztival\/\">program<\/a><\/p>\n\n\n\n<p><a href=\"https:\/\/www.jazzma.hu\/hirek\/2025\/06\/30\/nyito-nap-a-lamantin-improvizacios-tabor-nyitokoncertje-bemutatkoznak-a-tanarok-25-lamantin-jazz-fesztival-2025\/\">vas\u00e1rnap<\/a> &#8211; bemutatkoznak a tan\u00e1rok<\/p>\n\n\n\n<p><a href=\"https:\/\/www.jazzma.hu\/hirek\/2025\/07\/01\/25-lamantin-jazz-feszttival-szombathely-2-nap\/\">h\u00e9tf\u0151<\/a> &#8211; N\u00e9gyessy Barnab\u00e1s Quartet, Piotr Wojtasik Quintet<\/p>\n\n\n\n<p><a href=\"https:\/\/www.jazzma.hu\/hirek\/2025\/07\/01\/25-lamantin-jazz-feszttival-szombathely-2-nap\/\">kedd <\/a>&#8211; T\u00e1las \u00c1ron Trio<\/p>\n\n\n\n<p><a href=\"https:\/\/www.jazzma.hu\/hirek\/2025\/07\/04\/lamantin-jazz-fesztival-szerda\/\">szerda<\/a> &#8211; Mike Gotthard feat. Borlai Gerg\u0151, Gudics Martin, Tempfli Erik<\/p>\n\n\n\n<p><a href=\"https:\/\/www.jazzma.hu\/hirek\/2025\/07\/05\/lamantin-jazz-fesztival-csutortok\/\">cs\u00fct\u00f6t\u00f6k<\/a><\/p>\n\n\n\n<p><strong>Nyugat.hu<\/strong><\/p>\n\n\n\n<p><a href=\"https:\/\/www.nyugat.hu\/cikk\/kozelednek_a_lamantinok_mar_jelentkezhetsz_a\">https:\/\/www.nyugat.hu\/cikk\/kozelednek_a_lamantinok_mar_jelentkezhetsz_a<\/a><\/p>\n\n\n\n<p><a href=\"https:\/\/www.nyugat.hu\/cikk\/jubilal_a_szombathelyi_lamantin_jazz_fesztival_bo\">https:\/\/www.nyugat.hu\/cikk\/jubilal_a_szombathelyi_lamantin_jazz_fesztival_bo<\/a><\/p>\n\n\n\n<p><a href=\"https:\/\/www.nyugat.hu\/cikk\/timar_peter_magyarorszagon_keves_olyan_fiatalabb\">https:\/\/www.nyugat.hu\/cikk\/timar_peter_magyarorszagon_keves_olyan_fiatalabb<\/a><\/p>\n\n\n\n<p><strong>Savaria Forum<\/strong><\/p>\n\n\n\n<p><a href=\"https:\/\/www.savariaforum.hu\/rovat\/lamantin-jazz-fesztival-2025-improvizacios-tabor-es-koncertek-szombathelyen-\">https:\/\/www.savariaforum.hu\/rovat\/lamantin-jazz-fesztival-2025-improvizacios-tabor-es-koncertek-szombathelyen-<\/a><\/p>\n\n\n\n<p><a href=\"https:\/\/www.savariaforum.hu\/rovat\/lamantin-jazzfesztival-es-tabor-2025-forro-nyitany\">https:\/\/www.savariaforum.hu\/rovat\/lamantin-jazzfesztival-es-tabor-2025-forro-nyitany<\/a><\/p>\n\n\n\n<p><a href=\"https:\/\/www.savariaforum.hu\/rovat\/a-fokozas-muveszete-\">https:\/\/www.savariaforum.hu\/rovat\/a-fokozas-muveszete-<\/a><\/p>\n\n\n\n<p><strong>Vaol.hu<\/strong><\/p>\n\n\n\n<p><a href=\"https:\/\/www.vaol.hu\/helyi-kozelet\/2025\/06\/lamantin-jazz-fesztival-huszonot-eves\">https:\/\/www.vaol.hu\/helyi-kozelet\/2025\/06\/lamantin-jazz-fesztival-huszonot-eves<\/a><\/p>\n\n\n\n<p><a href=\"https:\/\/www.vaol.hu\/helyi-kozelet\/2025\/06\/lamantin-jazz-fesztival-2025-program\">https:\/\/www.vaol.hu\/helyi-kozelet\/2025\/06\/lamantin-jazz-fesztival-2025-program<\/a><\/p>\n\n\n\n<p><strong>Egy\u00e9b megjelen\u00e9sek<\/strong><\/p>\n\n\n\n<p><a href=\"https:\/\/www.kormend.hu\/Hirek\/25_Lamantin_Improvizacios_Tabor_es_Jazz_Fesztival5.html\">https:\/\/www.kormend.hu\/Hirek\/25_Lamantin_Improvizacios_Tabor_es_Jazz_Fesztival5.html<\/a><\/p>\n","protected":false},"excerpt":{"rendered":"<p>Vaskarika Beharangoz\u00f3 vas\u00e1rnap &#8211; bemutatkoznak a tan\u00e1rok h\u00e9tf\u0151 &#8211; N\u00e9gyessy Barnab\u00e1s Quartet, Piotr Wojtasik Quintet kedd &#8211; T\u00e1las \u00c1ron Trio szerda &#8211; Mike Gotthard feat. Borlai Gerg\u0151, Gudics Martin, Tempfli&#8230;<\/p>\n","protected":false},"author":4,"featured_media":0,"parent":0,"menu_order":0,"comment_status":"closed","ping_status":"closed","template":"","meta":{"footnotes":""},"_links":{"self":[{"href":"https:\/\/www.lamantin.hu\/index.php?rest_route=\/wp\/v2\/pages\/4407"}],"collection":[{"href":"https:\/\/www.lamantin.hu\/index.php?rest_route=\/wp\/v2\/pages"}],"about":[{"href":"https:\/\/www.lamantin.hu\/index.php?rest_route=\/wp\/v2\/types\/page"}],"author":[{"embeddable":true,"href":"https:\/\/www.lamantin.hu\/index.php?rest_route=\/wp\/v2\/users\/4"}],"replies":[{"embeddable":true,"href":"https:\/\/www.lamantin.hu\/index.php?rest_route=%2Fwp%2Fv2%2Fcomments&post=4407"}],"version-history":[{"count":1,"href":"https:\/\/www.lamantin.hu\/index.php?rest_route=\/wp\/v2\/pages\/4407\/revisions"}],"predecessor-version":[{"id":4408,"href":"https:\/\/www.lamantin.hu\/index.php?rest_route=\/wp\/v2\/pages\/4407\/revisions\/4408"}],"wp:attachment":[{"href":"https:\/\/www.lamantin.hu\/index.php?rest_route=%2Fwp%2Fv2%2Fmedia&parent=4407"}],"curies":[{"name":"wp","href":"https:\/\/api.w.org\/{rel}","templated":true}]}}